{"id":29117,"date":"2020-11-22T16:04:14","date_gmt":"2020-11-22T15:04:14","guid":{"rendered":"http:\/\/az4ukagske.preview.infomaniak.website\/?page_id=29117"},"modified":"2026-03-25T16:10:27","modified_gmt":"2026-03-25T15:10:27","slug":"hotel","status":"publish","type":"page","link":"https:\/\/grange-darly.com\/es\/hotel\/","title":{"rendered":"Hotel"},"content":{"rendered":"<div data-elementor-type=\"wp-page\" data-elementor-id=\"29117\" class=\"elementor elementor-29117\">\n\t\t\t\t\t\t<section class=\"elementor-section elementor-top-section elementor-element elementor-element-665d762 elementor-section-stretched elementor-section-boxed elementor-section-height-default elementor-section-height-default elementor-invisible\" data-id=\"665d762\" data-element_type=\"section\" data-e-type=\"section\" data-settings=\"{&quot;stretch_section&quot;:&quot;section-stretched&quot;,&quot;animation&quot;:&quot;fadeIn&quot;}\">\n\t\t\t\t\t\t<div class=\"elementor-container elementor-column-gap-default\">\n\t\t\t\t\t<div class=\"elementor-column elementor-col-100 elementor-top-column elementor-element elementor-element-10dfc7d\" data-id=\"10dfc7d\" data-element_type=\"column\" data-e-type=\"column\">\n\t\t\t<div class=\"elementor-widget-wrap elementor-element-populated\">\n\t\t\t\t\t\t<div class=\"elementor-element elementor-element-70bd26c elementor-widget elementor-widget-heading\" data-id=\"70bd26c\" data-element_type=\"widget\" data-e-type=\"widget\" data-widget_type=\"heading.default\">\n\t\t\t\t<div class=\"elementor-widget-container\">\n\t\t\t\t\t<h2 class=\"elementor-heading-title elementor-size-default\"><a href=\"https:\/\/www.secure-hotel-booking.com\/La-Grange-d-Arly\/JRI2\/\" target=\"_blank\">SU ENCANTADOR ENTORNO EN MEGEVE<\/a><\/h2>\t\t\t\t<\/div>\n\t\t\t\t<\/div>\n\t\t\t\t<div class=\"elementor-element elementor-element-b6618ea elementor-widget elementor-widget-text-editor\" data-id=\"b6618ea\" data-element_type=\"widget\" data-e-type=\"widget\" data-widget_type=\"text-editor.default\">\n\t\t\t\t<div class=\"elementor-widget-container\">\n\t\t\t\t\t\t\t\t\t<p><\/p>\n<p class=\"translation-block\">El Hotel La Grange d'Arly es un hotel realmente encantador en Meg\u00e8ve.\nEn el coraz\u00f3n del pueblo de Meg\u00e8ve y a pocos pasos de los remontes, nuestro equipo le acoge como si estuviera en su casa. \nD\u00e9jese seducir por el ambiente c\u00e1lido, refinado y aut\u00e9ntico del lugar y les invitam\u00f3s a disfrutar de su estancia en un lugar excepcional.<\/p>\n<p>Des chambres au salon\u2026 tout ici est propice au confort et \u00e0 la d\u00e9tente.<\/p>\n<p><\/p>\t\t\t\t\t\t\t\t<\/div>\n\t\t\t\t<\/div>\n\t\t\t\t<div class=\"elementor-element elementor-element-3dd1abe elementor-icon-list--layout-inline elementor-align-center elementor-list-item-link-full_width elementor-widget elementor-widget-icon-list\" data-id=\"3dd1abe\" data-element_type=\"widget\" data-e-type=\"widget\" data-widget_type=\"icon-list.default\">\n\t\t\t\t<div class=\"elementor-widget-container\">\n\t\t\t\t\t\t\t<ul class=\"elementor-icon-list-items elementor-inline-items\">\n\t\t\t\t\t\t\t<li class=\"elementor-icon-list-item elementor-inline-item\">\n\t\t\t\t\t\t\t\t\t\t\t<span class=\"elementor-icon-list-icon\">\n\t\t\t\t\t\t\t<i aria-hidden=\"true\" class=\"fas fa-smoking-ban\"><\/i>\t\t\t\t\t\t<\/span>\n\t\t\t\t\t\t\t\t\t\t<span class=\"elementor-icon-list-text\">Totalmente no fumador<\/span>\n\t\t\t\t\t\t\t\t\t<\/li>\n\t\t\t\t\t\t\t\t<li class=\"elementor-icon-list-item elementor-inline-item\">\n\t\t\t\t\t\t\t\t\t\t\t<span class=\"elementor-icon-list-icon\">\n\t\t\t\t\t\t\t<i aria-hidden=\"true\" class=\"fas fa-cocktail\"><\/i>\t\t\t\t\t\t<\/span>\n\t\t\t\t\t\t\t\t\t\t<span class=\"elementor-icon-list-text\">Bar 24 horas<\/span>\n\t\t\t\t\t\t\t\t\t<\/li>\n\t\t\t\t\t\t\t\t<li class=\"elementor-icon-list-item elementor-inline-item\">\n\t\t\t\t\t\t\t\t\t\t\t<span class=\"elementor-icon-list-icon\">\n\t\t\t\t\t\t\t<i aria-hidden=\"true\" class=\"fas fa-seedling\"><\/i>\t\t\t\t\t\t<\/span>\n\t\t\t\t\t\t\t\t\t\t<span class=\"elementor-icon-list-text\">Jardin &amp; Terrasse<\/span>\n\t\t\t\t\t\t\t\t\t<\/li>\n\t\t\t\t\t\t\t\t<li class=\"elementor-icon-list-item elementor-inline-item\">\n\t\t\t\t\t\t\t\t\t\t\t<span class=\"elementor-icon-list-icon\">\n\t\t\t\t\t\t\t<i aria-hidden=\"true\" class=\"fas fa-wifi\"><\/i>\t\t\t\t\t\t<\/span>\n\t\t\t\t\t\t\t\t\t\t<span class=\"elementor-icon-list-text\">WiFi gratuito<\/span>\n\t\t\t\t\t\t\t\t\t<\/li>\n\t\t\t\t\t\t\t\t<li class=\"elementor-icon-list-item elementor-inline-item\">\n\t\t\t\t\t\t\t\t\t\t\t<span class=\"elementor-icon-list-icon\">\n\t\t\t\t\t\t\t<i aria-hidden=\"true\" class=\"fas fa-arrows-alt-v\"><\/i>\t\t\t\t\t\t<\/span>\n\t\t\t\t\t\t\t\t\t\t<span class=\"elementor-icon-list-text\">Ascensor<\/span>\n\t\t\t\t\t\t\t\t\t<\/li>\n\t\t\t\t\t\t\t\t<li class=\"elementor-icon-list-item elementor-inline-item\">\n\t\t\t\t\t\t\t\t\t\t\t<span class=\"elementor-icon-list-icon\">\n\t\t\t\t\t\t\t<i aria-hidden=\"true\" class=\"fas fa-car\"><\/i>\t\t\t\t\t\t<\/span>\n\t\t\t\t\t\t\t\t\t\t<span class=\"elementor-icon-list-text\">Aparcamiento gratuito<\/span>\n\t\t\t\t\t\t\t\t\t<\/li>\n\t\t\t\t\t\t\t\t<li class=\"elementor-icon-list-item elementor-inline-item\">\n\t\t\t\t\t\t\t\t\t\t\t<span class=\"elementor-icon-list-icon\">\n\t\t\t\t\t\t\t<i aria-hidden=\"true\" class=\"fas fa-parking\"><\/i>\t\t\t\t\t\t<\/span>\n\t\t\t\t\t\t\t\t\t\t<span class=\"elementor-icon-list-text\">Garaje cubierto<\/span>\n\t\t\t\t\t\t\t\t\t<\/li>\n\t\t\t\t\t\t\t\t<li class=\"elementor-icon-list-item elementor-inline-item\">\n\t\t\t\t\t\t\t\t\t\t\t<span class=\"elementor-icon-list-icon\">\n\t\t\t\t\t\t\t<i aria-hidden=\"true\" class=\"fas fa-skiing\"><\/i>\t\t\t\t\t\t<\/span>\n\t\t\t\t\t\t\t\t\t\t<span class=\"elementor-icon-list-text\">Taquillas para esqu\u00eds<\/span>\n\t\t\t\t\t\t\t\t\t<\/li>\n\t\t\t\t\t\t\t\t<li class=\"elementor-icon-list-item elementor-inline-item\">\n\t\t\t\t\t\t\t\t\t\t\t<span class=\"elementor-icon-list-icon\">\n\t\t\t\t\t\t\t<i aria-hidden=\"true\" class=\"fas fa-luggage-cart\"><\/i>\t\t\t\t\t\t<\/span>\n\t\t\t\t\t\t\t\t\t\t<span class=\"elementor-icon-list-text\">Guardaequipajes<\/span>\n\t\t\t\t\t\t\t\t\t<\/li>\n\t\t\t\t\t\t<\/ul>\n\t\t\t\t\t\t<\/div>\n\t\t\t\t<\/div>\n\t\t\t\t\t<\/div>\n\t\t<\/div>\n\t\t\t\t\t<\/div>\n\t\t<\/section>\n\t\t\t\t<section class=\"elementor-section elementor-top-section elementor-element elementor-element-53b1380 elementor-section-stretched elementor-reverse-mobile elementor-section-boxed elementor-section-height-default elementor-section-height-default\" data-id=\"53b1380\" data-element_type=\"section\" data-e-type=\"section\" id=\"section-decale\" data-settings=\"{&quot;stretch_section&quot;:&quot;section-stretched&quot;,&quot;background_background&quot;:&quot;classic&quot;}\">\n\t\t\t\t\t\t<div class=\"elementor-container elementor-column-gap-default\">\n\t\t\t\t\t<div class=\"elementor-column elementor-col-50 elementor-top-column elementor-element elementor-element-b23c487 elementor-invisible\" data-id=\"b23c487\" data-element_type=\"column\" data-e-type=\"column\" data-settings=\"{&quot;animation&quot;:&quot;fadeInLeft&quot;}\">\n\t\t\t<div class=\"elementor-widget-wrap elementor-element-populated\">\n\t\t\t\t\t\t<div class=\"elementor-element elementor-element-456546a elementor-widget elementor-widget-heading\" data-id=\"456546a\" data-element_type=\"widget\" data-e-type=\"widget\" data-widget_type=\"heading.default\">\n\t\t\t\t<div class=\"elementor-widget-container\">\n\t\t\t\t\t<h3 class=\"elementor-heading-title elementor-size-default\">ESP\u00cdRITU CHALET<\/h3>\t\t\t\t<\/div>\n\t\t\t\t<\/div>\n\t\t\t\t<div class=\"elementor-element elementor-element-659d641 elementor-widget elementor-widget-text-editor\" data-id=\"659d641\" data-element_type=\"widget\" data-e-type=\"widget\" data-widget_type=\"text-editor.default\">\n\t\t\t\t<div class=\"elementor-widget-container\">\n\t\t\t\t\t\t\t\t\t<p>Nuestro hotel boutique, con s\u00f3lo 22 habitaciones, es un completo reflejo del chalet privado. Construido en madera, el material noble de la regi\u00f3n, y decorado con calidades tejidos de lana, aqu\u00ed s\u00f3lo pueden sentirse como en casa. Desde las habitaciones hasta los salones, la sala de desayunos y la recepci\u00f3n, todo ha sido dise\u00f1ado para su comodidad.<\/p>\n<p>Desde 1991, La Grange d'Arly ha adquirido una madurez, una elegancia y ha sabido evolucionar con las modas pasajeras para seducirle mejor.<\/p>\t\t\t\t\t\t\t\t<\/div>\n\t\t\t\t<\/div>\n\t\t\t\t\t<\/div>\n\t\t<\/div>\n\t\t\t\t<div class=\"elementor-column elementor-col-50 elementor-top-column elementor-element elementor-element-fd0de9b\" data-id=\"fd0de9b\" data-element_type=\"column\" data-e-type=\"column\">\n\t\t\t<div class=\"elementor-widget-wrap elementor-element-populated\">\n\t\t\t\t\t\t<div class=\"elementor-element elementor-element-28f27ff elementor-invisible elementor-widget elementor-widget-image\" data-id=\"28f27ff\" data-element_type=\"widget\" data-e-type=\"widget\" data-settings=\"{&quot;_animation&quot;:&quot;fadeInRight&quot;}\" data-widget_type=\"image.default\">\n\t\t\t\t<div class=\"elementor-widget-container\">\n\t\t\t\t\t\t\t\t\t\t\t\t\t\t\t<img fetchpriority=\"high\" decoding=\"async\" width=\"768\" height=\"512\" src=\"https:\/\/grange-darly.com\/wp-content\/uploads\/2013-12-20-10.02.11-min-768x512.jpg\" class=\"elementor-animation-float attachment-medium_large size-medium_large wp-image-29133\" alt=\"\" srcset=\"https:\/\/grange-darly.com\/wp-content\/uploads\/2013-12-20-10.02.11-min-768x512.jpg 768w, https:\/\/grange-darly.com\/wp-content\/uploads\/2013-12-20-10.02.11-min-300x200.jpg 300w, https:\/\/grange-darly.com\/wp-content\/uploads\/2013-12-20-10.02.11-min-1024x682.jpg 1024w, https:\/\/grange-darly.com\/wp-content\/uploads\/2013-12-20-10.02.11-min-1536x1024.jpg 1536w, https:\/\/grange-darly.com\/wp-content\/uploads\/2013-12-20-10.02.11-min.jpg 2000w\" sizes=\"(max-width: 768px) 100vw, 768px\" \/>\t\t\t\t\t\t\t\t\t\t\t\t\t\t\t<\/div>\n\t\t\t\t<\/div>\n\t\t\t\t\t<\/div>\n\t\t<\/div>\n\t\t\t\t\t<\/div>\n\t\t<\/section>\n\t\t\t\t<section class=\"elementor-section elementor-top-section elementor-element elementor-element-86b7232 elementor-section-stretched elementor-reverse-mobile elementor-section-boxed elementor-section-height-default elementor-section-height-default\" data-id=\"86b7232\" data-element_type=\"section\" data-e-type=\"section\" data-settings=\"{&quot;stretch_section&quot;:&quot;section-stretched&quot;,&quot;background_background&quot;:&quot;classic&quot;}\">\n\t\t\t\t\t\t<div class=\"elementor-container elementor-column-gap-default\">\n\t\t\t\t\t<div class=\"elementor-column elementor-col-50 elementor-top-column elementor-element elementor-element-624ca04 elementor-invisible\" data-id=\"624ca04\" data-element_type=\"column\" data-e-type=\"column\" data-settings=\"{&quot;animation&quot;:&quot;fadeInLeft&quot;}\">\n\t\t\t<div class=\"elementor-widget-wrap elementor-element-populated\">\n\t\t\t\t\t\t<div class=\"elementor-element elementor-element-8188aac elementor-widget elementor-widget-heading\" data-id=\"8188aac\" data-element_type=\"widget\" data-e-type=\"widget\" data-widget_type=\"heading.default\">\n\t\t\t\t<div class=\"elementor-widget-container\">\n\t\t\t\t\t<h3 class=\"elementor-heading-title elementor-size-default\">EN EL CENTRO DE LA ESTACI\u00d3N<\/h3>\t\t\t\t<\/div>\n\t\t\t\t<\/div>\n\t\t\t\t<div class=\"elementor-element elementor-element-e7578c0 elementor-widget elementor-widget-text-editor\" data-id=\"e7578c0\" data-element_type=\"widget\" data-e-type=\"widget\" data-widget_type=\"text-editor.default\">\n\t\t\t\t<div class=\"elementor-widget-container\">\n\t\t\t\t\t\t\t\t\t<p>El mercado local, las tiendas para hombres y mujeres, el Palais, el centro deportivo con su Balneo y Spa, el skibus que le llevar\u00e0 al pie de las pistas, y el telef\u00e9rico del Chamois en la Place de l'Eglise, est\u00e1n al alcance de la mano.<\/p><p>Sin dejar de ser tranquilo, se puede ir andando al centro de fiestas, a los bares, a los restaurantes y al club de jazz. La zona peatonal frente al hotel hace innecesario el uso del coche.<\/p>\t\t\t\t\t\t\t\t<\/div>\n\t\t\t\t<\/div>\n\t\t\t\t\t<\/div>\n\t\t<\/div>\n\t\t\t\t<div class=\"elementor-column elementor-col-50 elementor-top-column elementor-element elementor-element-9d92adf\" data-id=\"9d92adf\" data-element_type=\"column\" data-e-type=\"column\">\n\t\t\t<div class=\"elementor-widget-wrap elementor-element-populated\">\n\t\t\t\t\t\t<div class=\"elementor-element elementor-element-24b668b elementor-invisible elementor-widget elementor-widget-image\" data-id=\"24b668b\" data-element_type=\"widget\" data-e-type=\"widget\" data-settings=\"{&quot;_animation&quot;:&quot;fadeInRight&quot;}\" data-widget_type=\"image.default\">\n\t\t\t\t<div class=\"elementor-widget-container\">\n\t\t\t\t\t\t\t\t\t\t\t\t\t\t\t<img decoding=\"async\" width=\"1024\" height=\"768\" src=\"https:\/\/grange-darly.com\/wp-content\/uploads\/7732BC97-7734-44C5-B443-B4E3ECD3E09D-1024x768.jpeg\" class=\"elementor-animation-float attachment-large size-large wp-image-29406\" alt=\"\" srcset=\"https:\/\/grange-darly.com\/wp-content\/uploads\/7732BC97-7734-44C5-B443-B4E3ECD3E09D-1024x768.jpeg 1024w, https:\/\/grange-darly.com\/wp-content\/uploads\/7732BC97-7734-44C5-B443-B4E3ECD3E09D-300x225.jpeg 300w, https:\/\/grange-darly.com\/wp-content\/uploads\/7732BC97-7734-44C5-B443-B4E3ECD3E09D-768x576.jpeg 768w, https:\/\/grange-darly.com\/wp-content\/uploads\/7732BC97-7734-44C5-B443-B4E3ECD3E09D-1536x1152.jpeg 1536w, https:\/\/grange-darly.com\/wp-content\/uploads\/7732BC97-7734-44C5-B443-B4E3ECD3E09D-16x12.jpeg 16w, https:\/\/grange-darly.com\/wp-content\/uploads\/7732BC97-7734-44C5-B443-B4E3ECD3E09D.jpeg 1600w\" sizes=\"(max-width: 1024px) 100vw, 1024px\" \/>\t\t\t\t\t\t\t\t\t\t\t\t\t\t\t<\/div>\n\t\t\t\t<\/div>\n\t\t\t\t\t<\/div>\n\t\t<\/div>\n\t\t\t\t\t<\/div>\n\t\t<\/section>\n\t\t\t\t<section class=\"elementor-section elementor-top-section elementor-element elementor-element-d1bd614 elementor-section-stretched elementor-reverse-mobile elementor-section-boxed elementor-section-height-default elementor-section-height-default\" data-id=\"d1bd614\" data-element_type=\"section\" data-e-type=\"section\" data-settings=\"{&quot;stretch_section&quot;:&quot;section-stretched&quot;,&quot;background_background&quot;:&quot;classic&quot;}\">\n\t\t\t\t\t\t<div class=\"elementor-container elementor-column-gap-default\">\n\t\t\t\t\t<div class=\"elementor-column elementor-col-50 elementor-top-column elementor-element elementor-element-ad5ba34 elementor-invisible\" data-id=\"ad5ba34\" data-element_type=\"column\" data-e-type=\"column\" data-settings=\"{&quot;animation&quot;:&quot;fadeInLeft&quot;}\">\n\t\t\t<div class=\"elementor-widget-wrap elementor-element-populated\">\n\t\t\t\t\t\t<div class=\"elementor-element elementor-element-c03af97 elementor-widget elementor-widget-heading\" data-id=\"c03af97\" data-element_type=\"widget\" data-e-type=\"widget\" data-widget_type=\"heading.default\">\n\t\t\t\t<div class=\"elementor-widget-container\">\n\t\t\t\t\t<h3 class=\"elementor-heading-title elementor-size-default\">EL APR\u00c8S-SKI DE TUS SUE\u00d1OS<\/h3>\t\t\t\t<\/div>\n\t\t\t\t<\/div>\n\t\t\t\t<div class=\"elementor-element elementor-element-477f9e5 elementor-widget elementor-widget-text-editor\" data-id=\"477f9e5\" data-element_type=\"widget\" data-e-type=\"widget\" data-widget_type=\"text-editor.default\">\n\t\t\t\t<div class=\"elementor-widget-container\">\n\t\t\t\t\t\t\t\t\t<p>\u00a0<\/p><p>Apr\u00e8s une journ\u00e9e bien remplie, notre salon aux sofas moelleux, terrasse et jardin bordant le ruisseau, vous attendent pour d\u00e9guster un vrai chocolat chaud \u00e0 l\u2019ancienne tout en profitant de notre feu de chemin\u00e9e.<\/p><p>\u00a0<\/p>\t\t\t\t\t\t\t\t<\/div>\n\t\t\t\t<\/div>\n\t\t\t\t\t<\/div>\n\t\t<\/div>\n\t\t\t\t<div class=\"elementor-column elementor-col-50 elementor-top-column elementor-element elementor-element-176a072\" data-id=\"176a072\" data-element_type=\"column\" data-e-type=\"column\">\n\t\t\t<div class=\"elementor-widget-wrap elementor-element-populated\">\n\t\t\t\t\t\t<div class=\"elementor-element elementor-element-5f06fe1 elementor-invisible elementor-widget elementor-widget-image\" data-id=\"5f06fe1\" data-element_type=\"widget\" data-e-type=\"widget\" data-settings=\"{&quot;_animation&quot;:&quot;fadeInRight&quot;}\" data-widget_type=\"image.default\">\n\t\t\t\t<div class=\"elementor-widget-container\">\n\t\t\t\t\t\t\t\t\t\t\t\t\t\t\t<img decoding=\"async\" width=\"1024\" height=\"682\" src=\"https:\/\/grange-darly.com\/wp-content\/uploads\/2013-12-20-10.10.11-min-1024x682.jpg\" class=\"elementor-animation-float attachment-large size-large wp-image-29148\" alt=\"\" srcset=\"https:\/\/grange-darly.com\/wp-content\/uploads\/2013-12-20-10.10.11-min-1024x682.jpg 1024w, https:\/\/grange-darly.com\/wp-content\/uploads\/2013-12-20-10.10.11-min-300x200.jpg 300w, https:\/\/grange-darly.com\/wp-content\/uploads\/2013-12-20-10.10.11-min-768x512.jpg 768w, https:\/\/grange-darly.com\/wp-content\/uploads\/2013-12-20-10.10.11-min-1536x1024.jpg 1536w, https:\/\/grange-darly.com\/wp-content\/uploads\/2013-12-20-10.10.11-min.jpg 2000w\" sizes=\"(max-width: 1024px) 100vw, 1024px\" \/>\t\t\t\t\t\t\t\t\t\t\t\t\t\t\t<\/div>\n\t\t\t\t<\/div>\n\t\t\t\t\t<\/div>\n\t\t<\/div>\n\t\t\t\t\t<\/div>\n\t\t<\/section>\n\t\t\t\t<section class=\"elementor-section elementor-top-section elementor-element elementor-element-ca64451 elementor-section-full_width elementor-section-stretched elementor-section-height-default elementor-section-height-default elementor-invisible\" data-id=\"ca64451\" data-element_type=\"section\" data-e-type=\"section\" data-settings=\"{&quot;stretch_section&quot;:&quot;section-stretched&quot;,&quot;animation&quot;:&quot;fadeInDown&quot;}\">\n\t\t\t\t\t\t<div class=\"elementor-container elementor-column-gap-default\">\n\t\t\t\t\t<div class=\"elementor-column elementor-col-100 elementor-top-column elementor-element elementor-element-b95aca4\" data-id=\"b95aca4\" data-element_type=\"column\" data-e-type=\"column\">\n\t\t\t<div class=\"elementor-widget-wrap elementor-element-populated\">\n\t\t\t\t\t\t<div class=\"elementor-element elementor-element-0a241cf elementor-align-center elementor-mobile-align-center elementor-widget elementor-widget-button\" data-id=\"0a241cf\" data-element_type=\"widget\" data-e-type=\"widget\" data-widget_type=\"button.default\">\n\t\t\t\t<div class=\"elementor-widget-container\">\n\t\t\t\t\t\t\t\t\t<div class=\"elementor-button-wrapper\">\n\t\t\t\t\t<a class=\"elementor-button elementor-button-link elementor-size-sm elementor-animation-grow\" href=\"https:\/\/www.secure-hotel-booking.com\/smart\/La-Grange-d-Arly\/JRI2\/\" target=\"_blank\">\n\t\t\t\t\t\t<span class=\"elementor-button-content-wrapper\">\n\t\t\t\t\t\t\t\t\t<span class=\"elementor-button-text\">RESERVAR MI ESTANCIA<\/span>\n\t\t\t\t\t<\/span>\n\t\t\t\t\t<\/a>\n\t\t\t\t<\/div>\n\t\t\t\t\t\t\t\t<\/div>\n\t\t\t\t<\/div>\n\t\t\t\t\t<\/div>\n\t\t<\/div>\n\t\t\t\t\t<\/div>\n\t\t<\/section>\n\t\t\t\t<\/div>","protected":false},"excerpt":{"rendered":"<p>votre \u00e9crin de charme \u00e0 meg\u00e8ve L\u2019H\u00f4tel La Grange d\u2019Arly est un v\u00e9ritable h\u00f4tel de charme \u00e0 Meg\u00e8ve.C\u2019est au c\u0153ur du village de Meg\u00e8ve et \u00e0 quelques pas des remont\u00e9es m\u00e9caniques, que notre \u00e9quipe vous accueille comme si vous \u00e9tiez \u00e0 la maison.Laissez-vous s\u00e9duire par l\u2019ambiance chaleureuse et raffin\u00e9e des lieux et venez profiter d\u2019un [&hellip;]<\/p>\n","protected":false},"author":1,"featured_media":0,"parent":0,"menu_order":0,"comment_status":"closed","ping_status":"closed","template":"elementor_header_footer","meta":{"_acf_changed":false,"footnotes":""},"class_list":["post-29117","page","type-page","status-publish","hentry"],"acf":[],"jetpack_sharing_enabled":true,"_links":{"self":[{"href":"https:\/\/grange-darly.com\/es\/wp-json\/wp\/v2\/pages\/29117"}],"collection":[{"href":"https:\/\/grange-darly.com\/es\/wp-json\/wp\/v2\/pages"}],"about":[{"href":"https:\/\/grange-darly.com\/es\/wp-json\/wp\/v2\/types\/page"}],"author":[{"embeddable":true,"href":"https:\/\/grange-darly.com\/es\/wp-json\/wp\/v2\/users\/1"}],"replies":[{"embeddable":true,"href":"https:\/\/grange-darly.com\/es\/wp-json\/wp\/v2\/comments?post=29117"}],"version-history":[{"count":122,"href":"https:\/\/grange-darly.com\/es\/wp-json\/wp\/v2\/pages\/29117\/revisions"}],"predecessor-version":[{"id":29745,"href":"https:\/\/grange-darly.com\/es\/wp-json\/wp\/v2\/pages\/29117\/revisions\/29745"}],"wp:attachment":[{"href":"https:\/\/grange-darly.com\/es\/wp-json\/wp\/v2\/media?parent=29117"}],"curies":[{"name":"wp","href":"https:\/\/api.w.org\/{rel}","templated":true}]}}