{"id":29303,"date":"2020-11-23T08:08:09","date_gmt":"2020-11-23T07:08:09","guid":{"rendered":"http:\/\/az4ukagske.preview.infomaniak.website\/?page_id=29303"},"modified":"2020-11-23T08:12:09","modified_gmt":"2020-11-23T07:12:09","slug":"plan-du-site","status":"publish","type":"page","link":"https:\/\/grange-darly.com\/es\/plan-du-site\/","title":{"rendered":"Mapa del sitio internet"},"content":{"rendered":"<div data-elementor-type=\"wp-page\" data-elementor-id=\"29303\" class=\"elementor elementor-29303\">\n\t\t\t\t\t\t<section class=\"elementor-section elementor-top-section elementor-element elementor-element-665d762 elementor-section-full_width elementor-section-stretched elementor-section-height-default elementor-section-height-default elementor-invisible\" data-id=\"665d762\" data-element_type=\"section\" data-e-type=\"section\" data-settings=\"{&quot;stretch_section&quot;:&quot;section-stretched&quot;,&quot;animation&quot;:&quot;fadeInDown&quot;}\">\n\t\t\t\t\t\t<div class=\"elementor-container elementor-column-gap-default\">\n\t\t\t\t\t<div class=\"elementor-column elementor-col-100 elementor-top-column elementor-element elementor-element-10dfc7d\" data-id=\"10dfc7d\" data-element_type=\"column\" data-e-type=\"column\">\n\t\t\t<div class=\"elementor-widget-wrap elementor-element-populated\">\n\t\t\t\t\t\t<div class=\"elementor-element elementor-element-17f18e9 elementor-widget-divider--view-line_text elementor-widget-divider--separator-type-pattern elementor-widget-divider--no-spacing elementor-widget-divider--element-align-center elementor-widget elementor-widget-divider\" data-id=\"17f18e9\" data-element_type=\"widget\" data-e-type=\"widget\" data-widget_type=\"divider.default\">\n\t\t\t\t<div class=\"elementor-widget-container\">\n\t\t\t\t\t\t\t<div class=\"elementor-divider\" style=\"--divider-pattern-url: url(&quot;data:image\/svg+xml,%3Csvg xmlns=&#039;http:\/\/www.w3.org\/2000\/svg&#039; preserveAspectRatio=&#039;xMidYMid meet&#039; overflow=&#039;visible&#039; height=&#039;100%&#039; viewBox=&#039;0 0 126 26&#039; fill=&#039;black&#039; stroke=&#039;none&#039;%3E%3Cpath d=&#039;M111.9,18.3v3.4H109v-3.4H111.9z M90.8,18.3v3.4H88v-3.4H90.8z M69.8,18.3v3.4h-2.9v-3.4H69.8z M48.8,18.3v3.4h-2.9v-3.4H48.8z M27.7,18.3v3.4h-2.9v-3.4H27.7z M6.7,18.3v3.4H3.8v-3.4H6.7z M46.4,4l4.3,4.8l-1.8,0l3.5,4.4l-2.2-0.1l3,3.3l-11,0.4l3.6-3.8l-2.9-0.1l3.1-4.2l-1.9,0L46.4,4z M111.4,4l2.4,4.8l-1.8,0l3.5,4.4l-2.5-0.1l3.3,3.3h-11l3.1-3.4l-2.5-0.1l3.1-4.2l-1.9,0L111.4,4z M89.9,4l2.9,4.8l-1.9,0l3.2,4.2l-2.5,0l3.5,3.5l-11-0.4l3-3.1l-2.4,0L88,8.8l-1.9,0L89.9,4z M68.6,4l3,4.4l-1.9,0.1l3.4,4.1l-2.7,0.1l3.8,3.7H63.8l2.9-3.6l-2.9,0.1L67,8.7l-2,0.1L68.6,4z M26.5,4l3,4.4l-1.9,0.1l3.7,4.7l-2.5-0.1l3.3,3.3H21l3.1-3.4l-2.5-0.1l3.2-4.3l-2,0.1L26.5,4z M4.9,4l3.7,4.8l-1.5,0l3.1,4.2L7.6,13l3.4,3.4H0l3-3.3l-2.3,0.1l3.5-4.4l-2.3,0L4.9,4z&#039;\/%3E%3C\/svg%3E&quot;);\">\n\t\t\t<span class=\"elementor-divider-separator\">\n\t\t\t\t\t\t\t<span class=\"elementor-divider__text elementor-divider__element\">\n\t\t\t\tplan du site\t\t\t\t<\/span>\n\t\t\t\t\t\t<\/span>\n\t\t<\/div>\n\t\t\t\t\t\t<\/div>\n\t\t\t\t<\/div>\n\t\t\t\t\t<\/div>\n\t\t<\/div>\n\t\t\t\t\t<\/div>\n\t\t<\/section>\n\t\t\t\t<section class=\"elementor-section elementor-top-section elementor-element elementor-element-83bc47d elementor-section-boxed elementor-section-height-default elementor-section-height-default elementor-invisible\" data-id=\"83bc47d\" data-element_type=\"section\" data-e-type=\"section\" data-settings=\"{&quot;animation&quot;:&quot;fadeInDown&quot;}\">\n\t\t\t\t\t\t<div class=\"elementor-container elementor-column-gap-default\">\n\t\t\t\t\t<div class=\"elementor-column elementor-col-100 elementor-top-column elementor-element elementor-element-e0e58eb raven-column-flex-horizontal\" data-id=\"e0e58eb\" data-element_type=\"column\" data-e-type=\"column\">\n\t\t\t<div class=\"elementor-widget-wrap elementor-element-populated\">\n\t\t\t\t\t\t<div class=\"elementor-element elementor-element-5edef6b raven-tablet-nav-menu-align-center elementor-widget elementor-widget-raven-nav-menu\" data-id=\"5edef6b\" data-element_type=\"widget\" data-e-type=\"widget\" data-settings=\"{&quot;submenu_icon&quot;:&quot;&lt;svg 0=\\&quot;fas fa-chevron-down\\&quot; class=\\&quot;e-font-icon-svg e-fas-chevron-down\\&quot;&gt;\\n\\t\\t\\t\\t\\t&lt;use xlink:href=\\&quot;#fas-chevron-down\\&quot;&gt;\\n\\t\\t\\t\\t\\t\\t&lt;symbol id=\\&quot;fas-chevron-down\\&quot; viewBox=\\&quot;0 0 448 512\\&quot;&gt;\\n\\t\\t\\t\\t\\t\\t\\t&lt;path d=\\&quot;M207.029 381.476L12.686 187.132c-9.373-9.373-9.373-24.569 0-33.941l22.667-22.667c9.357-9.357 24.522-9.375 33.901-.04L224 284.505l154.745-154.021c9.379-9.335 24.544-9.317 33.901.04l22.667 22.667c9.373 9.373 9.373 24.569 0 33.941L240.971 381.476c-9.373 9.372-24.569 9.372-33.942 0z\\&quot;&gt;&lt;\\\/path&gt;\\n\\t\\t\\t\\t\\t\\t&lt;\\\/symbol&gt;\\n\\t\\t\\t\\t\\t&lt;\\\/use&gt;\\n\\t\\t\\t\\t&lt;\\\/svg&gt;&quot;,&quot;submenu_space_between&quot;:{&quot;unit&quot;:&quot;px&quot;,&quot;size&quot;:&quot;&quot;,&quot;sizes&quot;:[]}}\" data-widget_type=\"raven-nav-menu.default\">\n\t\t\t\t<div class=\"elementor-widget-container\">\n\t\t\t\t\t\t\t<nav class=\"raven-nav-menu-main raven-nav-menu-vertical raven-nav-menu-tablet- raven-nav-menu-mobile- raven-nav-icons-hidden-desktop raven-nav-icons-hidden-tablet raven-nav-icons-hidden-mobile\">\n\t\t\t<ul id=\"menu-5edef6b\" class=\"raven-nav-menu\"><li class=\"menu-item menu-item-type-post_type menu-item-object-page menu-item-home menu-item-29305\"><a href=\"https:\/\/grange-darly.com\/es\/\" class=\"raven-menu-item raven-link-item\">Accueil<\/a><\/li>\n<li class=\"menu-item menu-item-type-post_type menu-item-object-page menu-item-29308\"><a href=\"https:\/\/grange-darly.com\/es\/hotel\/\" class=\"raven-menu-item raven-link-item\">Hotel<\/a><\/li>\n<li class=\"menu-item menu-item-type-post_type menu-item-object-page menu-item-29306\"><a href=\"https:\/\/grange-darly.com\/es\/chambres\/\" class=\"raven-menu-item raven-link-item\">Habitaciones<\/a><\/li>\n<li class=\"menu-item menu-item-type-post_type menu-item-object-page menu-item-29310\"><a href=\"https:\/\/grange-darly.com\/es\/photos\/\" class=\"raven-menu-item raven-link-item\">fotos<\/a><\/li>\n<li class=\"menu-item menu-item-type-post_type menu-item-object-page menu-item-29307\"><a href=\"https:\/\/grange-darly.com\/es\/contact\/\" class=\"raven-menu-item raven-link-item\">contactar con<\/a><\/li>\n<li class=\"menu-item menu-item-type-post_type menu-item-object-page menu-item-29309\"><a href=\"https:\/\/grange-darly.com\/es\/mentions-legales\/\" class=\"raven-menu-item raven-link-item\">Aviso legal - Pol\u00edtica de privacidad - C.G.V.<\/a><\/li>\n<li class=\"menu-item menu-item-type-post_type menu-item-object-page menu-item-29311\"><a href=\"https:\/\/grange-darly.com\/es\/plan-du-site\/\" class=\"raven-menu-item raven-link-item\">Mapa del sitio internet<\/a><\/li>\n<li class=\"menu-item menu-item-type-post_type menu-item-object-page menu-item-29317\"><a href=\"https:\/\/grange-darly.com\/es\/charte-ecologique\/\" class=\"raven-menu-item raven-link-item\">Compromiso Medioambiantal<\/a><\/li>\n<\/ul>\t\t<\/nav>\n\n\t\t<div class=\"raven-nav-menu-toggle\">\n\n\t\t\t\t\t\t<div class=\"raven-nav-menu-toggle-button\">\n\t\t\t\t\n\t\t\t\t<div class=\"hamburger hamburger--\">\n\t\t\t\t\t<div class=\"hamburger-box\">\n\t\t\t\t\t\t<div class=\"hamburger-inner\"><\/div>\n\t\t\t\t\t<\/div>\n\t\t\t\t<\/div>\n\t\t\t\t\t\t\t\t<\/div>\n\n\t\t<\/div>\n\t\t<nav class=\"raven-nav-icons-hidden-desktop raven-nav-icons-hidden-tablet raven-nav-icons-hidden-mobile raven-nav-menu-mobile raven-nav-menu-\">\n\t\t\t\t\t\t\t\t\t\t<div class=\"raven-nav-menu-close-button\">\n\t\t\t\t\t<span class=\"raven-nav-menu-close-icon\">&times;<\/span>\n\t\t\t\t<\/div>\n\t\t\t\t\t\t<div class=\"raven-container\">\n\t\t\t\t<ul id=\"menu-mobile-5edef6b\" class=\"raven-nav-menu\"><li class=\"menu-item menu-item-type-post_type menu-item-object-page menu-item-home menu-item-29305\"><a href=\"https:\/\/grange-darly.com\/es\/\" class=\"raven-menu-item raven-link-item\">Accueil<\/a><\/li>\n<li class=\"menu-item menu-item-type-post_type menu-item-object-page menu-item-29308\"><a href=\"https:\/\/grange-darly.com\/es\/hotel\/\" class=\"raven-menu-item raven-link-item\">Hotel<\/a><\/li>\n<li class=\"menu-item menu-item-type-post_type menu-item-object-page menu-item-29306\"><a href=\"https:\/\/grange-darly.com\/es\/chambres\/\" class=\"raven-menu-item raven-link-item\">Habitaciones<\/a><\/li>\n<li class=\"menu-item menu-item-type-post_type menu-item-object-page menu-item-29310\"><a href=\"https:\/\/grange-darly.com\/es\/photos\/\" class=\"raven-menu-item raven-link-item\">fotos<\/a><\/li>\n<li class=\"menu-item menu-item-type-post_type menu-item-object-page menu-item-29307\"><a href=\"https:\/\/grange-darly.com\/es\/contact\/\" class=\"raven-menu-item raven-link-item\">contactar con<\/a><\/li>\n<li class=\"menu-item menu-item-type-post_type menu-item-object-page menu-item-29309\"><a href=\"https:\/\/grange-darly.com\/es\/mentions-legales\/\" class=\"raven-menu-item raven-link-item\">Aviso legal - Pol\u00edtica de privacidad - C.G.V.<\/a><\/li>\n<li class=\"menu-item menu-item-type-post_type menu-item-object-page menu-item-29311\"><a href=\"https:\/\/grange-darly.com\/es\/plan-du-site\/\" class=\"raven-menu-item raven-link-item\">Mapa del sitio internet<\/a><\/li>\n<li class=\"menu-item menu-item-type-post_type menu-item-object-page menu-item-29317\"><a href=\"https:\/\/grange-darly.com\/es\/charte-ecologique\/\" class=\"raven-menu-item raven-link-item\">Compromiso Medioambiantal<\/a><\/li>\n<\/ul>\t\t\t<\/div>\n\t\t<\/nav>\n\t\t\t\t\t\t<\/div>\n\t\t\t\t<\/div>\n\t\t\t\t\t<\/div>\n\t\t<\/div>\n\t\t\t\t\t<\/div>\n\t\t<\/section>\n\t\t\t\t<\/div>","protected":false},"excerpt":{"rendered":"<p>plan du site Accueil H\u00f4tel Chambres Photos Contact Mentions L\u00e9gales Plan du Site &times; Accueil H\u00f4tel Chambres Photos Contact Mentions L\u00e9gales Plan du Site<\/p>","protected":false},"author":1,"featured_media":0,"parent":0,"menu_order":0,"comment_status":"closed","ping_status":"closed","template":"elementor_header_footer","meta":{"_acf_changed":false,"footnotes":""},"class_list":["post-29303","page","type-page","status-publish","hentry"],"acf":[],"jetpack_sharing_enabled":true,"_links":{"self":[{"href":"https:\/\/grange-darly.com\/es\/wp-json\/wp\/v2\/pages\/29303"}],"collection":[{"href":"https:\/\/grange-darly.com\/es\/wp-json\/wp\/v2\/pages"}],"about":[{"href":"https:\/\/grange-darly.com\/es\/wp-json\/wp\/v2\/types\/page"}],"author":[{"embeddable":true,"href":"https:\/\/grange-darly.com\/es\/wp-json\/wp\/v2\/users\/1"}],"replies":[{"embeddable":true,"href":"https:\/\/grange-darly.com\/es\/wp-json\/wp\/v2\/comments?post=29303"}],"version-history":[{"count":4,"href":"https:\/\/grange-darly.com\/es\/wp-json\/wp\/v2\/pages\/29303\/revisions"}],"predecessor-version":[{"id":29314,"href":"https:\/\/grange-darly.com\/es\/wp-json\/wp\/v2\/pages\/29303\/revisions\/29314"}],"wp:attachment":[{"href":"https:\/\/grange-darly.com\/es\/wp-json\/wp\/v2\/media?parent=29303"}],"curies":[{"name":"wp","href":"https:\/\/api.w.org\/{rel}","templated":true}]}}