{"id":29316,"date":"2020-11-23T08:14:40","date_gmt":"2020-11-23T07:14:40","guid":{"rendered":"http:\/\/az4ukagske.preview.infomaniak.website\/?page_id=29316"},"modified":"2020-11-23T08:18:37","modified_gmt":"2020-11-23T07:18:37","slug":"charte-ecologique","status":"publish","type":"page","link":"https:\/\/grange-darly.com\/es\/charte-ecologique\/","title":{"rendered":"Compromiso Medioambiantal"},"content":{"rendered":"<div data-elementor-type=\"wp-page\" data-elementor-id=\"29316\" class=\"elementor elementor-29316\">\n\t\t\t\t\t\t<section class=\"elementor-section elementor-top-section elementor-element elementor-element-665d762 elementor-section-full_width elementor-section-stretched elementor-section-height-default elementor-section-height-default elementor-invisible\" data-id=\"665d762\" data-element_type=\"section\" data-e-type=\"section\" data-settings=\"{&quot;stretch_section&quot;:&quot;section-stretched&quot;,&quot;animation&quot;:&quot;fadeInDown&quot;}\">\n\t\t\t\t\t\t<div class=\"elementor-container elementor-column-gap-default\">\n\t\t\t\t\t<div class=\"elementor-column elementor-col-100 elementor-top-column elementor-element elementor-element-10dfc7d\" data-id=\"10dfc7d\" data-element_type=\"column\" data-e-type=\"column\">\n\t\t\t<div class=\"elementor-widget-wrap elementor-element-populated\">\n\t\t\t\t\t\t<div class=\"elementor-element elementor-element-17f18e9 elementor-widget-divider--view-line_text elementor-widget-divider--separator-type-pattern elementor-widget-divider--no-spacing elementor-widget-divider--element-align-center elementor-widget elementor-widget-divider\" data-id=\"17f18e9\" data-element_type=\"widget\" data-e-type=\"widget\" data-widget_type=\"divider.default\">\n\t\t\t\t<div class=\"elementor-widget-container\">\n\t\t\t\t\t\t\t<div class=\"elementor-divider\" style=\"--divider-pattern-url: url(&quot;data:image\/svg+xml,%3Csvg xmlns=&#039;http:\/\/www.w3.org\/2000\/svg&#039; preserveAspectRatio=&#039;xMidYMid meet&#039; overflow=&#039;visible&#039; height=&#039;100%&#039; viewBox=&#039;0 0 126 26&#039; fill=&#039;black&#039; stroke=&#039;none&#039;%3E%3Cpath d=&#039;M111.9,18.3v3.4H109v-3.4H111.9z M90.8,18.3v3.4H88v-3.4H90.8z M69.8,18.3v3.4h-2.9v-3.4H69.8z M48.8,18.3v3.4h-2.9v-3.4H48.8z M27.7,18.3v3.4h-2.9v-3.4H27.7z M6.7,18.3v3.4H3.8v-3.4H6.7z M46.4,4l4.3,4.8l-1.8,0l3.5,4.4l-2.2-0.1l3,3.3l-11,0.4l3.6-3.8l-2.9-0.1l3.1-4.2l-1.9,0L46.4,4z M111.4,4l2.4,4.8l-1.8,0l3.5,4.4l-2.5-0.1l3.3,3.3h-11l3.1-3.4l-2.5-0.1l3.1-4.2l-1.9,0L111.4,4z M89.9,4l2.9,4.8l-1.9,0l3.2,4.2l-2.5,0l3.5,3.5l-11-0.4l3-3.1l-2.4,0L88,8.8l-1.9,0L89.9,4z M68.6,4l3,4.4l-1.9,0.1l3.4,4.1l-2.7,0.1l3.8,3.7H63.8l2.9-3.6l-2.9,0.1L67,8.7l-2,0.1L68.6,4z M26.5,4l3,4.4l-1.9,0.1l3.7,4.7l-2.5-0.1l3.3,3.3H21l3.1-3.4l-2.5-0.1l3.2-4.3l-2,0.1L26.5,4z M4.9,4l3.7,4.8l-1.5,0l3.1,4.2L7.6,13l3.4,3.4H0l3-3.3l-2.3,0.1l3.5-4.4l-2.3,0L4.9,4z&#039;\/%3E%3C\/svg%3E&quot;);\">\n\t\t\t<span class=\"elementor-divider-separator\">\n\t\t\t\t\t\t\t<span class=\"elementor-divider__text elementor-divider__element\">\n\t\t\t\tCharte \u00e9cologique\t\t\t\t<\/span>\n\t\t\t\t\t\t<\/span>\n\t\t<\/div>\n\t\t\t\t\t\t<\/div>\n\t\t\t\t<\/div>\n\t\t\t\t\t<\/div>\n\t\t<\/div>\n\t\t\t\t\t<\/div>\n\t\t<\/section>\n\t\t\t\t<section class=\"elementor-section elementor-top-section elementor-element elementor-element-83bc47d elementor-section-boxed elementor-section-height-default elementor-section-height-default elementor-invisible\" data-id=\"83bc47d\" data-element_type=\"section\" data-e-type=\"section\" data-settings=\"{&quot;animation&quot;:&quot;fadeInDown&quot;}\">\n\t\t\t\t\t\t<div class=\"elementor-container elementor-column-gap-default\">\n\t\t\t\t\t<div class=\"elementor-column elementor-col-33 elementor-top-column elementor-element elementor-element-e0e58eb\" data-id=\"e0e58eb\" data-element_type=\"column\" data-e-type=\"column\">\n\t\t\t<div class=\"elementor-widget-wrap\">\n\t\t\t\t\t\t\t<\/div>\n\t\t<\/div>\n\t\t\t\t<div class=\"elementor-column elementor-col-33 elementor-top-column elementor-element elementor-element-d98866f\" data-id=\"d98866f\" data-element_type=\"column\" data-e-type=\"column\">\n\t\t\t<div class=\"elementor-widget-wrap elementor-element-populated\">\n\t\t\t\t\t\t<div class=\"elementor-element elementor-element-2227b78 elementor-widget elementor-widget-text-editor\" data-id=\"2227b78\" data-element_type=\"widget\" data-e-type=\"widget\" data-widget_type=\"text-editor.default\">\n\t\t\t\t<div class=\"elementor-widget-container\">\n\t\t\t\t\t\t\t\t\t<p style=\"text-align: center;\"><b>Les \u00e9quipes de La Grange d&rsquo;Artly s\u2019engagent \u00e0 mener une politique \u00e9co-responsable afin de r\u00e9duire leur impact sur l\u2019environnement.<\/b><\/p><p style=\"text-align: center;\">Cette charte \u00e9cologique permet de sensibiliser \u00e0 l\u2019importance des enjeux environnementaux et d\u2019expliquer \u00e0 nos h\u00f4tes venant du monde entier, les actions men\u00e9es ainsi que les mesures prises pour pouvoir respecter notre magnifique environnement et sa nature en adoptant un comportement \u00e9co-responsable pendant leurs s\u00e9jours. Elle permet \u00e9galement de comprendre les gestes simples adopt\u00e9s par nos \u00e9quipes et nos h\u00f4tes.<\/p><p style=\"text-align: center;\">Nos engagements et actions pour l\u2019environnement<\/p><h5 style=\"text-align: center;\"><b>&#8211; Energie &#8211;<\/b><\/h5><p style=\"text-align: center;\">Nous utilisons des ampoules basse consommation<br \/>Des d\u00e9tecteurs de mouvement sont en place dans de nombreux espaces publics, et dans certains espaces r\u00e9serv\u00e9s au personnel<br \/>Fen\u00eatres \u00e0 double vitrage pour r\u00e9duire la consommation d\u2019\u00e9nergie<\/p><h5 style=\"text-align: center;\"><strong>&#8211; Eau &#8211;<\/strong><\/h5><p style=\"text-align: center;\">Nous optimisons la consommation d\u2019eau dans les chambres \u2013 toutes nos salles de bains sont \u00e9quip\u00e9es d\u2019un pommeau de douche<br \/>Mise \u00e0 disposition de boteille d\u2019eau r\u00e9utilisables pour l\u2019ensemble du personnel afin d\u2019\u00e9viter la consommation de bouteilles en plastique<br \/>Nous invitons nos h\u00f4tes \u00e0 suspendre les serviettes qu\u2019ils souhaitent r\u00e9utiliser et de placer dans la baignoire celles qu\u2019ils souhaitent remplacer.<\/p><h5 style=\"text-align: center;\"><strong>&#8211; Recyclage et D\u00e9chets &#8211;<\/strong><\/h5><p style=\"text-align: center;\">Nous recyclons les feuilles de papier, les piles, les ampoules, les cartouches d\u2019encres et les capsules de caf\u00e9.<br \/>Nous faisons le tri en s\u00e9parant les d\u00e9chets quotidiens, les cartons, emballages ainsi que les bouteilles et bocaux en verre.<\/p><h5 style=\"text-align: center;\"><strong>&#8211; Produits d\u2019entretien &#8211;<\/strong><\/h5><p style=\"text-align: center;\">Nous utilisons des produits d\u2019entretiens \u00e9co-responsables pour le m\u00e9nage et pour la blanchisserie.<br \/>Politique d\u2019achats<br \/>Depuis D\u00e9cembre 2019 nous travaillons avec les produits \u00e9cologiques Tana &amp; Green.<br \/>Minimiser les d\u00e9chets au quotidien en utilisant des bougies r\u00e9utilisables<br \/>Quels gestes adopter lorsque vous s\u00e9journez dans l\u2019une de nos Maisons?<br \/>R\u00e9duire le lavage des serviettes et des draps<br \/>Pr\u00e9server le calme en \u00e9vitant les nuisances sonores afin de respecter la tranquillit\u00e9 de chacun dans les espaces partag\u00e9s<\/p>\t\t\t\t\t\t\t\t<\/div>\n\t\t\t\t<\/div>\n\t\t\t\t\t<\/div>\n\t\t<\/div>\n\t\t\t\t<div class=\"elementor-column elementor-col-33 elementor-top-column elementor-element elementor-element-529870d\" data-id=\"529870d\" data-element_type=\"column\" data-e-type=\"column\">\n\t\t\t<div class=\"elementor-widget-wrap\">\n\t\t\t\t\t\t\t<\/div>\n\t\t<\/div>\n\t\t\t\t\t<\/div>\n\t\t<\/section>\n\t\t\t\t<\/div>","protected":false},"excerpt":{"rendered":"<p>Charte \u00e9cologique Les \u00e9quipes de La Grange d&rsquo;Artly s\u2019engagent \u00e0 mener une politique \u00e9co-responsable afin de r\u00e9duire leur impact sur l\u2019environnement. Cette charte \u00e9cologique permet de sensibiliser \u00e0 l\u2019importance des enjeux environnementaux et d\u2019expliquer \u00e0 nos h\u00f4tes venant du monde entier, les actions men\u00e9es ainsi que les mesures prises pour pouvoir respecter notre magnifique environnement [&hellip;]<\/p>\n","protected":false},"author":1,"featured_media":0,"parent":0,"menu_order":0,"comment_status":"closed","ping_status":"closed","template":"elementor_header_footer","meta":{"_acf_changed":false,"footnotes":""},"class_list":["post-29316","page","type-page","status-publish","hentry"],"acf":[],"jetpack_sharing_enabled":true,"_links":{"self":[{"href":"https:\/\/grange-darly.com\/es\/wp-json\/wp\/v2\/pages\/29316"}],"collection":[{"href":"https:\/\/grange-darly.com\/es\/wp-json\/wp\/v2\/pages"}],"about":[{"href":"https:\/\/grange-darly.com\/es\/wp-json\/wp\/v2\/types\/page"}],"author":[{"embeddable":true,"href":"https:\/\/grange-darly.com\/es\/wp-json\/wp\/v2\/users\/1"}],"replies":[{"embeddable":true,"href":"https:\/\/grange-darly.com\/es\/wp-json\/wp\/v2\/comments?post=29316"}],"version-history":[{"count":4,"href":"https:\/\/grange-darly.com\/es\/wp-json\/wp\/v2\/pages\/29316\/revisions"}],"predecessor-version":[{"id":29321,"href":"https:\/\/grange-darly.com\/es\/wp-json\/wp\/v2\/pages\/29316\/revisions\/29321"}],"wp:attachment":[{"href":"https:\/\/grange-darly.com\/es\/wp-json\/wp\/v2\/media?parent=29316"}],"curies":[{"name":"wp","href":"https:\/\/api.w.org\/{rel}","templated":true}]}}