{"id":29117,"date":"2020-11-22T16:04:14","date_gmt":"2020-11-22T15:04:14","guid":{"rendered":"http:\/\/az4ukagske.preview.infomaniak.website\/?page_id=29117"},"modified":"2026-03-25T16:10:27","modified_gmt":"2026-03-25T15:10:27","slug":"hotel","status":"publish","type":"page","link":"https:\/\/grange-darly.com\/it\/hotel\/","title":{"rendered":"HOTEL"},"content":{"rendered":"<div data-elementor-type=\"wp-page\" data-elementor-id=\"29117\" class=\"elementor elementor-29117\">\n\t\t\t\t\t\t<section class=\"elementor-section elementor-top-section elementor-element elementor-element-665d762 elementor-section-stretched elementor-section-boxed elementor-section-height-default elementor-section-height-default elementor-invisible\" data-id=\"665d762\" data-element_type=\"section\" data-e-type=\"section\" data-settings=\"{&quot;stretch_section&quot;:&quot;section-stretched&quot;,&quot;animation&quot;:&quot;fadeIn&quot;}\">\n\t\t\t\t\t\t<div class=\"elementor-container elementor-column-gap-default\">\n\t\t\t\t\t<div class=\"elementor-column elementor-col-100 elementor-top-column elementor-element elementor-element-10dfc7d\" data-id=\"10dfc7d\" data-element_type=\"column\" data-e-type=\"column\">\n\t\t\t<div class=\"elementor-widget-wrap elementor-element-populated\">\n\t\t\t\t\t\t<div class=\"elementor-element elementor-element-70bd26c elementor-widget elementor-widget-heading\" data-id=\"70bd26c\" data-element_type=\"widget\" data-e-type=\"widget\" data-widget_type=\"heading.default\">\n\t\t\t\t<div class=\"elementor-widget-container\">\n\t\t\t\t\t<h2 class=\"elementor-heading-title elementor-size-default\"><a href=\"https:\/\/www.secure-hotel-booking.com\/La-Grange-d-Arly\/JRI2\/\" target=\"_blank\">IL VOSTRO AMBIENTE DI CHARME A MEGEVE<\/a><\/h2>\t\t\t\t<\/div>\n\t\t\t\t<\/div>\n\t\t\t\t<div class=\"elementor-element elementor-element-b6618ea elementor-widget elementor-widget-text-editor\" data-id=\"b6618ea\" data-element_type=\"widget\" data-e-type=\"widget\" data-widget_type=\"text-editor.default\">\n\t\t\t\t<div class=\"elementor-widget-container\">\n\t\t\t\t\t\t\t\t\t<p><\/p>\n<p class=\"translation-block\">L\u2019Hotel La Grange d\u2019Arly \u00e8 uno splendido hotel a Meg\u00e8ve .\nE\u2019 nel cuore del villaggio di Meg\u00e8ve, a pochi passi dagli impianti di sci , che il nostro staff vi accoglie come a casa vostra.\nLasciatevi sedurre dall\u2019ambiente caloroso e raffinato dei luoghi e venite ad approffittare di un quadro meraviglioso interamente non fumatori.<\/p>\n<p>Des chambres au salon\u2026 tout ici est propice au confort et \u00e0 la d\u00e9tente.<\/p>\n<p><\/p>\t\t\t\t\t\t\t\t<\/div>\n\t\t\t\t<\/div>\n\t\t\t\t<div class=\"elementor-element elementor-element-3dd1abe elementor-icon-list--layout-inline elementor-align-center elementor-list-item-link-full_width elementor-widget elementor-widget-icon-list\" data-id=\"3dd1abe\" data-element_type=\"widget\" data-e-type=\"widget\" data-widget_type=\"icon-list.default\">\n\t\t\t\t<div class=\"elementor-widget-container\">\n\t\t\t\t\t\t\t<ul class=\"elementor-icon-list-items elementor-inline-items\">\n\t\t\t\t\t\t\t<li class=\"elementor-icon-list-item elementor-inline-item\">\n\t\t\t\t\t\t\t\t\t\t\t<span class=\"elementor-icon-list-icon\">\n\t\t\t\t\t\t\t<i aria-hidden=\"true\" class=\"fas fa-smoking-ban\"><\/i>\t\t\t\t\t\t<\/span>\n\t\t\t\t\t\t\t\t\t\t<span class=\"elementor-icon-list-text\">Interamente non fumatori<\/span>\n\t\t\t\t\t\t\t\t\t<\/li>\n\t\t\t\t\t\t\t\t<li class=\"elementor-icon-list-item elementor-inline-item\">\n\t\t\t\t\t\t\t\t\t\t\t<span class=\"elementor-icon-list-icon\">\n\t\t\t\t\t\t\t<i aria-hidden=\"true\" class=\"fas fa-cocktail\"><\/i>\t\t\t\t\t\t<\/span>\n\t\t\t\t\t\t\t\t\t\t<span class=\"elementor-icon-list-text\">Bar 24\/24<\/span>\n\t\t\t\t\t\t\t\t\t<\/li>\n\t\t\t\t\t\t\t\t<li class=\"elementor-icon-list-item elementor-inline-item\">\n\t\t\t\t\t\t\t\t\t\t\t<span class=\"elementor-icon-list-icon\">\n\t\t\t\t\t\t\t<i aria-hidden=\"true\" class=\"fas fa-seedling\"><\/i>\t\t\t\t\t\t<\/span>\n\t\t\t\t\t\t\t\t\t\t<span class=\"elementor-icon-list-text\">Jardin &amp; Terrasse<\/span>\n\t\t\t\t\t\t\t\t\t<\/li>\n\t\t\t\t\t\t\t\t<li class=\"elementor-icon-list-item elementor-inline-item\">\n\t\t\t\t\t\t\t\t\t\t\t<span class=\"elementor-icon-list-icon\">\n\t\t\t\t\t\t\t<i aria-hidden=\"true\" class=\"fas fa-wifi\"><\/i>\t\t\t\t\t\t<\/span>\n\t\t\t\t\t\t\t\t\t\t<span class=\"elementor-icon-list-text\">Wifi Gratuito<\/span>\n\t\t\t\t\t\t\t\t\t<\/li>\n\t\t\t\t\t\t\t\t<li class=\"elementor-icon-list-item elementor-inline-item\">\n\t\t\t\t\t\t\t\t\t\t\t<span class=\"elementor-icon-list-icon\">\n\t\t\t\t\t\t\t<i aria-hidden=\"true\" class=\"fas fa-arrows-alt-v\"><\/i>\t\t\t\t\t\t<\/span>\n\t\t\t\t\t\t\t\t\t\t<span class=\"elementor-icon-list-text\">Ascensore<\/span>\n\t\t\t\t\t\t\t\t\t<\/li>\n\t\t\t\t\t\t\t\t<li class=\"elementor-icon-list-item elementor-inline-item\">\n\t\t\t\t\t\t\t\t\t\t\t<span class=\"elementor-icon-list-icon\">\n\t\t\t\t\t\t\t<i aria-hidden=\"true\" class=\"fas fa-car\"><\/i>\t\t\t\t\t\t<\/span>\n\t\t\t\t\t\t\t\t\t\t<span class=\"elementor-icon-list-text\">Parcheggio Gratuito<\/span>\n\t\t\t\t\t\t\t\t\t<\/li>\n\t\t\t\t\t\t\t\t<li class=\"elementor-icon-list-item elementor-inline-item\">\n\t\t\t\t\t\t\t\t\t\t\t<span class=\"elementor-icon-list-icon\">\n\t\t\t\t\t\t\t<i aria-hidden=\"true\" class=\"fas fa-parking\"><\/i>\t\t\t\t\t\t<\/span>\n\t\t\t\t\t\t\t\t\t\t<span class=\"elementor-icon-list-text\">Garage Coperto<\/span>\n\t\t\t\t\t\t\t\t\t<\/li>\n\t\t\t\t\t\t\t\t<li class=\"elementor-icon-list-item elementor-inline-item\">\n\t\t\t\t\t\t\t\t\t\t\t<span class=\"elementor-icon-list-icon\">\n\t\t\t\t\t\t\t<i aria-hidden=\"true\" class=\"fas fa-skiing\"><\/i>\t\t\t\t\t\t<\/span>\n\t\t\t\t\t\t\t\t\t\t<span class=\"elementor-icon-list-text\">Locale deposito sci<\/span>\n\t\t\t\t\t\t\t\t\t<\/li>\n\t\t\t\t\t\t\t\t<li class=\"elementor-icon-list-item elementor-inline-item\">\n\t\t\t\t\t\t\t\t\t\t\t<span class=\"elementor-icon-list-icon\">\n\t\t\t\t\t\t\t<i aria-hidden=\"true\" class=\"fas fa-luggage-cart\"><\/i>\t\t\t\t\t\t<\/span>\n\t\t\t\t\t\t\t\t\t\t<span class=\"elementor-icon-list-text\">Deposito bagagli<\/span>\n\t\t\t\t\t\t\t\t\t<\/li>\n\t\t\t\t\t\t<\/ul>\n\t\t\t\t\t\t<\/div>\n\t\t\t\t<\/div>\n\t\t\t\t\t<\/div>\n\t\t<\/div>\n\t\t\t\t\t<\/div>\n\t\t<\/section>\n\t\t\t\t<section class=\"elementor-section elementor-top-section elementor-element elementor-element-53b1380 elementor-section-stretched elementor-reverse-mobile elementor-section-boxed elementor-section-height-default elementor-section-height-default\" data-id=\"53b1380\" data-element_type=\"section\" data-e-type=\"section\" id=\"section-decale\" data-settings=\"{&quot;stretch_section&quot;:&quot;section-stretched&quot;,&quot;background_background&quot;:&quot;classic&quot;}\">\n\t\t\t\t\t\t<div class=\"elementor-container elementor-column-gap-default\">\n\t\t\t\t\t<div class=\"elementor-column elementor-col-50 elementor-top-column elementor-element elementor-element-b23c487 elementor-invisible\" data-id=\"b23c487\" data-element_type=\"column\" data-e-type=\"column\" data-settings=\"{&quot;animation&quot;:&quot;fadeInLeft&quot;}\">\n\t\t\t<div class=\"elementor-widget-wrap elementor-element-populated\">\n\t\t\t\t\t\t<div class=\"elementor-element elementor-element-456546a elementor-widget elementor-widget-heading\" data-id=\"456546a\" data-element_type=\"widget\" data-e-type=\"widget\" data-widget_type=\"heading.default\">\n\t\t\t\t<div class=\"elementor-widget-container\">\n\t\t\t\t\t<h3 class=\"elementor-heading-title elementor-size-default\">SPIRITO CHALET<\/h3>\t\t\t\t<\/div>\n\t\t\t\t<\/div>\n\t\t\t\t<div class=\"elementor-element elementor-element-659d641 elementor-widget elementor-widget-text-editor\" data-id=\"659d641\" data-element_type=\"widget\" data-e-type=\"widget\" data-widget_type=\"text-editor.default\">\n\t\t\t\t<div class=\"elementor-widget-container\">\n\t\t\t\t\t\t\t\t\t<p>L\u2019hotel boutique La Grange d\u2019Arly \u00e8 dotato di solo 22 camere e riflette totalmente l\u2019immagine dello chalet privato.\nCostruito tutto in legno, materiale nobile della regione e decorato nei minimi particolari con tende in lana, non potrete che sentirvi come a casa vostra. Dalle camere passando per il salone, per la sala colazioni ed infine per la reception tutto \u00e8 pensato per il vostro confort.<\/p>\n<p>Dal 1991 La Grange d\u2019Arly ha acquisito esperienza, eleganza ed ha saputo evolversi negli anni, tutto per sedurvi al meglio.<\/p>\t\t\t\t\t\t\t\t<\/div>\n\t\t\t\t<\/div>\n\t\t\t\t\t<\/div>\n\t\t<\/div>\n\t\t\t\t<div class=\"elementor-column elementor-col-50 elementor-top-column elementor-element elementor-element-fd0de9b\" data-id=\"fd0de9b\" data-element_type=\"column\" data-e-type=\"column\">\n\t\t\t<div class=\"elementor-widget-wrap elementor-element-populated\">\n\t\t\t\t\t\t<div class=\"elementor-element elementor-element-28f27ff elementor-invisible elementor-widget elementor-widget-image\" data-id=\"28f27ff\" data-element_type=\"widget\" data-e-type=\"widget\" data-settings=\"{&quot;_animation&quot;:&quot;fadeInRight&quot;}\" data-widget_type=\"image.default\">\n\t\t\t\t<div class=\"elementor-widget-container\">\n\t\t\t\t\t\t\t\t\t\t\t\t\t\t\t<img fetchpriority=\"high\" decoding=\"async\" width=\"768\" height=\"512\" src=\"https:\/\/grange-darly.com\/wp-content\/uploads\/2013-12-20-10.02.11-min-768x512.jpg\" class=\"elementor-animation-float attachment-medium_large size-medium_large wp-image-29133\" alt=\"\" srcset=\"https:\/\/grange-darly.com\/wp-content\/uploads\/2013-12-20-10.02.11-min-768x512.jpg 768w, https:\/\/grange-darly.com\/wp-content\/uploads\/2013-12-20-10.02.11-min-300x200.jpg 300w, https:\/\/grange-darly.com\/wp-content\/uploads\/2013-12-20-10.02.11-min-1024x682.jpg 1024w, https:\/\/grange-darly.com\/wp-content\/uploads\/2013-12-20-10.02.11-min-1536x1024.jpg 1536w, https:\/\/grange-darly.com\/wp-content\/uploads\/2013-12-20-10.02.11-min.jpg 2000w\" sizes=\"(max-width: 768px) 100vw, 768px\" \/>\t\t\t\t\t\t\t\t\t\t\t\t\t\t\t<\/div>\n\t\t\t\t<\/div>\n\t\t\t\t\t<\/div>\n\t\t<\/div>\n\t\t\t\t\t<\/div>\n\t\t<\/section>\n\t\t\t\t<section class=\"elementor-section elementor-top-section elementor-element elementor-element-86b7232 elementor-section-stretched elementor-reverse-mobile elementor-section-boxed elementor-section-height-default elementor-section-height-default\" data-id=\"86b7232\" data-element_type=\"section\" data-e-type=\"section\" data-settings=\"{&quot;stretch_section&quot;:&quot;section-stretched&quot;,&quot;background_background&quot;:&quot;classic&quot;}\">\n\t\t\t\t\t\t<div class=\"elementor-container elementor-column-gap-default\">\n\t\t\t\t\t<div class=\"elementor-column elementor-col-50 elementor-top-column elementor-element elementor-element-624ca04 elementor-invisible\" data-id=\"624ca04\" data-element_type=\"column\" data-e-type=\"column\" data-settings=\"{&quot;animation&quot;:&quot;fadeInLeft&quot;}\">\n\t\t\t<div class=\"elementor-widget-wrap elementor-element-populated\">\n\t\t\t\t\t\t<div class=\"elementor-element elementor-element-8188aac elementor-widget elementor-widget-heading\" data-id=\"8188aac\" data-element_type=\"widget\" data-e-type=\"widget\" data-widget_type=\"heading.default\">\n\t\t\t\t<div class=\"elementor-widget-container\">\n\t\t\t\t\t<h3 class=\"elementor-heading-title elementor-size-default\">NEL CENTRO DEL VILLAGGIO<\/h3>\t\t\t\t<\/div>\n\t\t\t\t<\/div>\n\t\t\t\t<div class=\"elementor-element elementor-element-e7578c0 elementor-widget elementor-widget-text-editor\" data-id=\"e7578c0\" data-element_type=\"widget\" data-e-type=\"widget\" data-widget_type=\"text-editor.default\">\n\t\t\t\t<div class=\"elementor-widget-container\">\n\t\t\t\t\t\t\t\t\t<p>Il mercato locale, le boutiques sia per Lei che per Lui, il Palais centro sportivo con Baln\u00e8o e Spa, le navette che vi portano ai piedi delle piste, la telecabina del Chamois nella piazza della Chiesa, tutto a portata di mano.<\/p><p>In tutta tranquillit\u00e0, potrete raggiungere a piedi il centro delle feste, bars, ristoranti e il jazz club. L\u2019isola pedonale \u00e8 a pochi passi dall\u2019hotel,  l\u2019uso dell\u2019auto non \u00e8 necessario.<\/p>\t\t\t\t\t\t\t\t<\/div>\n\t\t\t\t<\/div>\n\t\t\t\t\t<\/div>\n\t\t<\/div>\n\t\t\t\t<div class=\"elementor-column elementor-col-50 elementor-top-column elementor-element elementor-element-9d92adf\" data-id=\"9d92adf\" data-element_type=\"column\" data-e-type=\"column\">\n\t\t\t<div class=\"elementor-widget-wrap elementor-element-populated\">\n\t\t\t\t\t\t<div class=\"elementor-element elementor-element-24b668b elementor-invisible elementor-widget elementor-widget-image\" data-id=\"24b668b\" data-element_type=\"widget\" data-e-type=\"widget\" data-settings=\"{&quot;_animation&quot;:&quot;fadeInRight&quot;}\" data-widget_type=\"image.default\">\n\t\t\t\t<div class=\"elementor-widget-container\">\n\t\t\t\t\t\t\t\t\t\t\t\t\t\t\t<img decoding=\"async\" width=\"1024\" height=\"768\" src=\"https:\/\/grange-darly.com\/wp-content\/uploads\/7732BC97-7734-44C5-B443-B4E3ECD3E09D-1024x768.jpeg\" class=\"elementor-animation-float attachment-large size-large wp-image-29406\" alt=\"\" srcset=\"https:\/\/grange-darly.com\/wp-content\/uploads\/7732BC97-7734-44C5-B443-B4E3ECD3E09D-1024x768.jpeg 1024w, https:\/\/grange-darly.com\/wp-content\/uploads\/7732BC97-7734-44C5-B443-B4E3ECD3E09D-300x225.jpeg 300w, https:\/\/grange-darly.com\/wp-content\/uploads\/7732BC97-7734-44C5-B443-B4E3ECD3E09D-768x576.jpeg 768w, https:\/\/grange-darly.com\/wp-content\/uploads\/7732BC97-7734-44C5-B443-B4E3ECD3E09D-1536x1152.jpeg 1536w, https:\/\/grange-darly.com\/wp-content\/uploads\/7732BC97-7734-44C5-B443-B4E3ECD3E09D-16x12.jpeg 16w, https:\/\/grange-darly.com\/wp-content\/uploads\/7732BC97-7734-44C5-B443-B4E3ECD3E09D.jpeg 1600w\" sizes=\"(max-width: 1024px) 100vw, 1024px\" \/>\t\t\t\t\t\t\t\t\t\t\t\t\t\t\t<\/div>\n\t\t\t\t<\/div>\n\t\t\t\t\t<\/div>\n\t\t<\/div>\n\t\t\t\t\t<\/div>\n\t\t<\/section>\n\t\t\t\t<section class=\"elementor-section elementor-top-section elementor-element elementor-element-d1bd614 elementor-section-stretched elementor-reverse-mobile elementor-section-boxed elementor-section-height-default elementor-section-height-default\" data-id=\"d1bd614\" data-element_type=\"section\" data-e-type=\"section\" data-settings=\"{&quot;stretch_section&quot;:&quot;section-stretched&quot;,&quot;background_background&quot;:&quot;classic&quot;}\">\n\t\t\t\t\t\t<div class=\"elementor-container elementor-column-gap-default\">\n\t\t\t\t\t<div class=\"elementor-column elementor-col-50 elementor-top-column elementor-element elementor-element-ad5ba34 elementor-invisible\" data-id=\"ad5ba34\" data-element_type=\"column\" data-e-type=\"column\" data-settings=\"{&quot;animation&quot;:&quot;fadeInLeft&quot;}\">\n\t\t\t<div class=\"elementor-widget-wrap elementor-element-populated\">\n\t\t\t\t\t\t<div class=\"elementor-element elementor-element-c03af97 elementor-widget elementor-widget-heading\" data-id=\"c03af97\" data-element_type=\"widget\" data-e-type=\"widget\" data-widget_type=\"heading.default\">\n\t\t\t\t<div class=\"elementor-widget-container\">\n\t\t\t\t\t<h3 class=\"elementor-heading-title elementor-size-default\">IL DOPO SCI<\/h3>\t\t\t\t<\/div>\n\t\t\t\t<\/div>\n\t\t\t\t<div class=\"elementor-element elementor-element-477f9e5 elementor-widget elementor-widget-text-editor\" data-id=\"477f9e5\" data-element_type=\"widget\" data-e-type=\"widget\" data-widget_type=\"text-editor.default\">\n\t\t\t\t<div class=\"elementor-widget-container\">\n\t\t\t\t\t\t\t\t\t<p>\u00a0<\/p><p>Apr\u00e8s une journ\u00e9e bien remplie, notre salon aux sofas moelleux, terrasse et jardin bordant le ruisseau, vous attendent pour d\u00e9guster un vrai chocolat chaud \u00e0 l\u2019ancienne tout en profitant de notre feu de chemin\u00e9e.<\/p><p>\u00a0<\/p>\t\t\t\t\t\t\t\t<\/div>\n\t\t\t\t<\/div>\n\t\t\t\t\t<\/div>\n\t\t<\/div>\n\t\t\t\t<div class=\"elementor-column elementor-col-50 elementor-top-column elementor-element elementor-element-176a072\" data-id=\"176a072\" data-element_type=\"column\" data-e-type=\"column\">\n\t\t\t<div class=\"elementor-widget-wrap elementor-element-populated\">\n\t\t\t\t\t\t<div class=\"elementor-element elementor-element-5f06fe1 elementor-invisible elementor-widget elementor-widget-image\" data-id=\"5f06fe1\" data-element_type=\"widget\" data-e-type=\"widget\" data-settings=\"{&quot;_animation&quot;:&quot;fadeInRight&quot;}\" data-widget_type=\"image.default\">\n\t\t\t\t<div class=\"elementor-widget-container\">\n\t\t\t\t\t\t\t\t\t\t\t\t\t\t\t<img decoding=\"async\" width=\"1024\" height=\"682\" src=\"https:\/\/grange-darly.com\/wp-content\/uploads\/2013-12-20-10.10.11-min-1024x682.jpg\" class=\"elementor-animation-float attachment-large size-large wp-image-29148\" alt=\"\" srcset=\"https:\/\/grange-darly.com\/wp-content\/uploads\/2013-12-20-10.10.11-min-1024x682.jpg 1024w, https:\/\/grange-darly.com\/wp-content\/uploads\/2013-12-20-10.10.11-min-300x200.jpg 300w, https:\/\/grange-darly.com\/wp-content\/uploads\/2013-12-20-10.10.11-min-768x512.jpg 768w, https:\/\/grange-darly.com\/wp-content\/uploads\/2013-12-20-10.10.11-min-1536x1024.jpg 1536w, https:\/\/grange-darly.com\/wp-content\/uploads\/2013-12-20-10.10.11-min.jpg 2000w\" sizes=\"(max-width: 1024px) 100vw, 1024px\" \/>\t\t\t\t\t\t\t\t\t\t\t\t\t\t\t<\/div>\n\t\t\t\t<\/div>\n\t\t\t\t\t<\/div>\n\t\t<\/div>\n\t\t\t\t\t<\/div>\n\t\t<\/section>\n\t\t\t\t<section class=\"elementor-section elementor-top-section elementor-element elementor-element-ca64451 elementor-section-full_width elementor-section-stretched elementor-section-height-default elementor-section-height-default elementor-invisible\" data-id=\"ca64451\" data-element_type=\"section\" data-e-type=\"section\" data-settings=\"{&quot;stretch_section&quot;:&quot;section-stretched&quot;,&quot;animation&quot;:&quot;fadeInDown&quot;}\">\n\t\t\t\t\t\t<div class=\"elementor-container elementor-column-gap-default\">\n\t\t\t\t\t<div class=\"elementor-column elementor-col-100 elementor-top-column elementor-element elementor-element-b95aca4\" data-id=\"b95aca4\" data-element_type=\"column\" data-e-type=\"column\">\n\t\t\t<div class=\"elementor-widget-wrap elementor-element-populated\">\n\t\t\t\t\t\t<div class=\"elementor-element elementor-element-0a241cf elementor-align-center elementor-mobile-align-center elementor-widget elementor-widget-button\" data-id=\"0a241cf\" data-element_type=\"widget\" data-e-type=\"widget\" data-widget_type=\"button.default\">\n\t\t\t\t<div class=\"elementor-widget-container\">\n\t\t\t\t\t\t\t\t\t<div class=\"elementor-button-wrapper\">\n\t\t\t\t\t<a class=\"elementor-button elementor-button-link elementor-size-sm elementor-animation-grow\" href=\"https:\/\/www.secure-hotel-booking.com\/smart\/La-Grange-d-Arly\/JRI2\/\" target=\"_blank\">\n\t\t\t\t\t\t<span class=\"elementor-button-content-wrapper\">\n\t\t\t\t\t\t\t\t\t<span class=\"elementor-button-text\">PRENOTARE IL MIO SOGGIORNO<\/span>\n\t\t\t\t\t<\/span>\n\t\t\t\t\t<\/a>\n\t\t\t\t<\/div>\n\t\t\t\t\t\t\t\t<\/div>\n\t\t\t\t<\/div>\n\t\t\t\t\t<\/div>\n\t\t<\/div>\n\t\t\t\t\t<\/div>\n\t\t<\/section>\n\t\t\t\t<\/div>","protected":false},"excerpt":{"rendered":"<p>votre \u00e9crin de charme \u00e0 meg\u00e8ve L\u2019H\u00f4tel La Grange d\u2019Arly est un v\u00e9ritable h\u00f4tel de charme \u00e0 Meg\u00e8ve.C\u2019est au c\u0153ur du village de Meg\u00e8ve et \u00e0 quelques pas des remont\u00e9es m\u00e9caniques, que notre \u00e9quipe vous accueille comme si vous \u00e9tiez \u00e0 la maison.Laissez-vous s\u00e9duire par l\u2019ambiance chaleureuse et raffin\u00e9e des lieux et venez profiter d\u2019un [&hellip;]<\/p>\n","protected":false},"author":1,"featured_media":0,"parent":0,"menu_order":0,"comment_status":"closed","ping_status":"closed","template":"elementor_header_footer","meta":{"_acf_changed":false,"footnotes":""},"class_list":["post-29117","page","type-page","status-publish","hentry"],"acf":[],"jetpack_sharing_enabled":true,"_links":{"self":[{"href":"https:\/\/grange-darly.com\/it\/wp-json\/wp\/v2\/pages\/29117"}],"collection":[{"href":"https:\/\/grange-darly.com\/it\/wp-json\/wp\/v2\/pages"}],"about":[{"href":"https:\/\/grange-darly.com\/it\/wp-json\/wp\/v2\/types\/page"}],"author":[{"embeddable":true,"href":"https:\/\/grange-darly.com\/it\/wp-json\/wp\/v2\/users\/1"}],"replies":[{"embeddable":true,"href":"https:\/\/grange-darly.com\/it\/wp-json\/wp\/v2\/comments?post=29117"}],"version-history":[{"count":122,"href":"https:\/\/grange-darly.com\/it\/wp-json\/wp\/v2\/pages\/29117\/revisions"}],"predecessor-version":[{"id":29745,"href":"https:\/\/grange-darly.com\/it\/wp-json\/wp\/v2\/pages\/29117\/revisions\/29745"}],"wp:attachment":[{"href":"https:\/\/grange-darly.com\/it\/wp-json\/wp\/v2\/media?parent=29117"}],"curies":[{"name":"wp","href":"https:\/\/api.w.org\/{rel}","templated":true}]}}