{"id":29299,"date":"2020-11-22T20:55:17","date_gmt":"2020-11-22T19:55:17","guid":{"rendered":"http:\/\/az4ukagske.preview.infomaniak.website\/?page_id=29299"},"modified":"2021-10-05T17:38:55","modified_gmt":"2021-10-05T15:38:55","slug":"mentions-legales","status":"publish","type":"page","link":"https:\/\/grange-darly.com\/it\/mentions-legales\/","title":{"rendered":"Mentions L\u00e9gales"},"content":{"rendered":"<div data-elementor-type=\"wp-page\" data-elementor-id=\"29299\" class=\"elementor elementor-29299\">\n\t\t\t\t\t\t<section class=\"elementor-section elementor-top-section elementor-element elementor-element-665d762 elementor-section-full_width elementor-section-stretched elementor-section-height-default elementor-section-height-default elementor-invisible\" data-id=\"665d762\" data-element_type=\"section\" data-e-type=\"section\" data-settings=\"{&quot;stretch_section&quot;:&quot;section-stretched&quot;,&quot;animation&quot;:&quot;fadeInDown&quot;}\">\n\t\t\t\t\t\t<div class=\"elementor-container elementor-column-gap-default\">\n\t\t\t\t\t<div class=\"elementor-column elementor-col-100 elementor-top-column elementor-element elementor-element-10dfc7d\" data-id=\"10dfc7d\" data-element_type=\"column\" data-e-type=\"column\">\n\t\t\t<div class=\"elementor-widget-wrap elementor-element-populated\">\n\t\t\t\t\t\t<div class=\"elementor-element elementor-element-17f18e9 elementor-widget-divider--view-line_text elementor-widget-divider--separator-type-pattern elementor-widget-divider--no-spacing elementor-widget-divider--element-align-center elementor-widget elementor-widget-divider\" data-id=\"17f18e9\" data-element_type=\"widget\" data-e-type=\"widget\" data-widget_type=\"divider.default\">\n\t\t\t\t<div class=\"elementor-widget-container\">\n\t\t\t\t\t\t\t<div class=\"elementor-divider\" style=\"--divider-pattern-url: url(&quot;data:image\/svg+xml,%3Csvg xmlns=&#039;http:\/\/www.w3.org\/2000\/svg&#039; preserveAspectRatio=&#039;xMidYMid meet&#039; overflow=&#039;visible&#039; height=&#039;100%&#039; viewBox=&#039;0 0 126 26&#039; fill=&#039;black&#039; stroke=&#039;none&#039;%3E%3Cpath d=&#039;M111.9,18.3v3.4H109v-3.4H111.9z M90.8,18.3v3.4H88v-3.4H90.8z M69.8,18.3v3.4h-2.9v-3.4H69.8z M48.8,18.3v3.4h-2.9v-3.4H48.8z M27.7,18.3v3.4h-2.9v-3.4H27.7z M6.7,18.3v3.4H3.8v-3.4H6.7z M46.4,4l4.3,4.8l-1.8,0l3.5,4.4l-2.2-0.1l3,3.3l-11,0.4l3.6-3.8l-2.9-0.1l3.1-4.2l-1.9,0L46.4,4z M111.4,4l2.4,4.8l-1.8,0l3.5,4.4l-2.5-0.1l3.3,3.3h-11l3.1-3.4l-2.5-0.1l3.1-4.2l-1.9,0L111.4,4z M89.9,4l2.9,4.8l-1.9,0l3.2,4.2l-2.5,0l3.5,3.5l-11-0.4l3-3.1l-2.4,0L88,8.8l-1.9,0L89.9,4z M68.6,4l3,4.4l-1.9,0.1l3.4,4.1l-2.7,0.1l3.8,3.7H63.8l2.9-3.6l-2.9,0.1L67,8.7l-2,0.1L68.6,4z M26.5,4l3,4.4l-1.9,0.1l3.7,4.7l-2.5-0.1l3.3,3.3H21l3.1-3.4l-2.5-0.1l3.2-4.3l-2,0.1L26.5,4z M4.9,4l3.7,4.8l-1.5,0l3.1,4.2L7.6,13l3.4,3.4H0l3-3.3l-2.3,0.1l3.5-4.4l-2.3,0L4.9,4z&#039;\/%3E%3C\/svg%3E&quot;);\">\n\t\t\t<span class=\"elementor-divider-separator\">\n\t\t\t\t\t\t\t<span class=\"elementor-divider__text elementor-divider__element\">\n\t\t\t\tMentions l\u00e9gales\t\t\t\t<\/span>\n\t\t\t\t\t\t<\/span>\n\t\t<\/div>\n\t\t\t\t\t\t<\/div>\n\t\t\t\t<\/div>\n\t\t\t\t\t<\/div>\n\t\t<\/div>\n\t\t\t\t\t<\/div>\n\t\t<\/section>\n\t\t\t\t<section class=\"elementor-section elementor-top-section elementor-element elementor-element-83bc47d elementor-section-boxed elementor-section-height-default elementor-section-height-default elementor-invisible\" data-id=\"83bc47d\" data-element_type=\"section\" data-e-type=\"section\" data-settings=\"{&quot;animation&quot;:&quot;fadeInDown&quot;}\">\n\t\t\t\t\t\t<div class=\"elementor-container elementor-column-gap-default\">\n\t\t\t\t\t<div class=\"elementor-column elementor-col-100 elementor-top-column elementor-element elementor-element-e0e58eb\" data-id=\"e0e58eb\" data-element_type=\"column\" data-e-type=\"column\">\n\t\t\t<div class=\"elementor-widget-wrap elementor-element-populated\">\n\t\t\t\t\t\t<div class=\"elementor-element elementor-element-8a61b8b elementor-widget elementor-widget-text-editor\" data-id=\"8a61b8b\" data-element_type=\"widget\" data-e-type=\"widget\" data-widget_type=\"text-editor.default\">\n\t\t\t\t<div class=\"elementor-widget-container\">\n\t\t\t\t\t\t\t\t\t<div id=\"text-block-4\"><div><div id=\"text-block-4\"><h5>PROPRI\u00c9TAIRE DU SITE<\/h5><\/div><\/div><div><div><div><div><div><div id=\"text-block-5\"><p>SAS JMA<br \/>10 Rue des Allobroges<br \/>74120 Meg\u00e8ve<\/p><p>Responsable de Publication : La Direction<\/p><h5>VOCATION DU SITE<\/h5><p>Ce site a pour objet la pr\u00e9sentation de l&rsquo;h\u00f4tel La Grange d&rsquo;Arly. La soci\u00e9t\u00e9 se r\u00e9serve le droit de corriger ou modifier son contenu, \u00e0 tout moment et sans pr\u00e9avis.<\/p><h5>COPYRIGHT<\/h5><p>Par ailleurs, sauf mention contraire, les droits de propri\u00e9t\u00e9 intellectuelle sur les documents contenus dans le site et chacun des \u00e9l\u00e9ments cr\u00e9\u00e9s pour ce site sont la propri\u00e9t\u00e9 exclusive de\u00a0la soci\u00e9t\u00e9, celle-ci ne conc\u00e9dant aucune licence, ni aucun autre droit que celui de consulter le site.<\/p><h5>CONDITIONS D\u2019UTILISATION<\/h5><p>Afin de profiter pleinement de toutes les fonctionnalit\u00e9s du site internet, l\u2019utilisation des navigateurs\u00a0<a href=\"http:\/\/www.microsoft.com\/downloads\/details.aspx?FamilyID=9ae91ebe-3385-447c-8a30-081805b2f90b&amp;DisplayLang=fr\">Microsoft Internet Explorer<\/a>(PC),\u00a0<a href=\"http:\/\/www.mozilla-europe.org\/fr\/products\/firefox\/\">Mozilla Firefox<\/a>\u00a0(Mac ou PC),\u00a0<a href=\"http:\/\/www.google.com\/chrome\/index.html?hl=fr&amp;brand=CHMB&amp;utm_campaign=fr&amp;utm_source=fr-ha-emea-fr-sk&amp;utm_medium=ha\">Chrome<\/a>\u00a0(Mac ou PC) ou\u00a0<a href=\"http:\/\/www.apple.com\/fr\/safari\/\">Safari<\/a>\u00a0(Mac ou PC) est vivement recommand\u00e9e (logiciels gratuits).<\/p><p>Pour visualiser les pages de ce site de fa\u00e7on optimale, il est vivement conseill\u00e9 de tenir vos navigateurs \u00e0 jour. R\u00e9solution d\u2019\u00e9cran recommand\u00e9e\u00a0: 1024\u00d7768 ou sup\u00e9rieure.<\/p><p>Par ailleurs, ce site pr\u00e9sentant de nouvelles sp\u00e9cifit\u00e9s techniques, il est conseill\u00e9 de le visionner avec Firefox, Chrome ou Safari dans une version r\u00e9cente.<\/p><h5>H\u00c9BERGEMENT<\/h5><p>Ce site est h\u00e9berg\u00e9 sur Infomaniak,\u00a0Rue Eug\u00e8ne-Marziano 25, 1227 Gen\u00e8ve, Suisse<\/p><h5>CR\u00c9DITS PHOTOS<\/h5><p>\u00a9 La Grange d&rsquo;Arly<\/p><h5>DROITS D\u2019AUTEUR<\/h5><p>L\u2019ensemble de ce site rel\u00e8ve de la l\u00e9gislation fran\u00e7aise et internationale sur le droit d\u2019auteur et la propri\u00e9t\u00e9 intellectuelle.<\/p><p>Tous les droits de reproduction sont r\u00e9serv\u00e9s, y compris pour les documents t\u00e9l\u00e9chargeables et les repr\u00e9sentations iconographiques et photographiques. La reproduction de tout ou partie de ce site sur un support \u00e9lectronique quel qu\u2019il soit est formellement interdite sauf autorisation expresse du directeur de la publication.<\/p><p>Les articles L122-4 et L122-5 du Code de la propri\u00e9t\u00e9 intellectuelle interdisent toute repr\u00e9sentation ou reproduction, int\u00e9grale ou partielle, faites en dehors d\u2019un usage priv\u00e9e.<\/p><p>Toute repr\u00e9sentation ou reproduction int\u00e9grale ou partielle de cette \u0153uvre, fait par quelque proc\u00e9d\u00e9 que ce soit, sans le consentement de l\u2019\u00e9diteur ou les ayants droit est illicite et constitue une contrefa\u00e7on sanctionn\u00e9 par les articles L335-2 et suivants du Code de la propri\u00e9t\u00e9 intellectuelle.<\/p><\/div><\/div><\/div><\/div><\/div><\/div><\/div>\t\t\t\t\t\t\t\t<\/div>\n\t\t\t\t<\/div>\n\t\t\t\t\t<\/div>\n\t\t<\/div>\n\t\t\t\t\t<\/div>\n\t\t<\/section>\n\t\t\t\t<\/div>","protected":false},"excerpt":{"rendered":"<p>Mentions l\u00e9gales PROPRI\u00c9TAIRE DU SITE SAS JMA10 Rue des Allobroges74120 Meg\u00e8ve Responsable de Publication : La Direction VOCATION DU SITE Ce site a pour objet la pr\u00e9sentation de l&rsquo;h\u00f4tel La Grange d&rsquo;Arly. La soci\u00e9t\u00e9 se r\u00e9serve le droit de corriger ou modifier son contenu, \u00e0 tout moment et sans pr\u00e9avis. COPYRIGHT Par ailleurs, sauf mention [&hellip;]<\/p>\n","protected":false},"author":1,"featured_media":0,"parent":0,"menu_order":0,"comment_status":"closed","ping_status":"closed","template":"elementor_header_footer","meta":{"_acf_changed":false,"footnotes":""},"class_list":["post-29299","page","type-page","status-publish","hentry"],"acf":[],"jetpack_sharing_enabled":true,"_links":{"self":[{"href":"https:\/\/grange-darly.com\/it\/wp-json\/wp\/v2\/pages\/29299"}],"collection":[{"href":"https:\/\/grange-darly.com\/it\/wp-json\/wp\/v2\/pages"}],"about":[{"href":"https:\/\/grange-darly.com\/it\/wp-json\/wp\/v2\/types\/page"}],"author":[{"embeddable":true,"href":"https:\/\/grange-darly.com\/it\/wp-json\/wp\/v2\/users\/1"}],"replies":[{"embeddable":true,"href":"https:\/\/grange-darly.com\/it\/wp-json\/wp\/v2\/comments?post=29299"}],"version-history":[{"count":6,"href":"https:\/\/grange-darly.com\/it\/wp-json\/wp\/v2\/pages\/29299\/revisions"}],"predecessor-version":[{"id":29460,"href":"https:\/\/grange-darly.com\/it\/wp-json\/wp\/v2\/pages\/29299\/revisions\/29460"}],"wp:attachment":[{"href":"https:\/\/grange-darly.com\/it\/wp-json\/wp\/v2\/media?parent=29299"}],"curies":[{"name":"wp","href":"https:\/\/api.w.org\/{rel}","templated":true}]}}